{"id":730,"date":"2016-09-15T10:07:59","date_gmt":"2016-09-15T10:07:59","guid":{"rendered":"http:\/\/bestride.pt\/de\/quem-somos\/"},"modified":"2017-01-26T16:51:52","modified_gmt":"2017-01-26T16:51:52","slug":"ueber-uns","status":"publish","type":"page","link":"https:\/\/bestride.pt\/de\/ueber-uns\/","title":{"rendered":"\u00dcber uns"},"content":{"rendered":"<p>Ein Best Car-Fahrt Lda startete einen qualitativ hochwertigen Service ein Unternehmen in Juni 2016 mit einer Flotte von 22 neuen Fahrzeugen zur Verf\u00fcgung zu stellen.<br \/>\nWir sind weiterhin verpflichtet zu \u00fcberwinden als die Erwartungen unserer Kunden zu arbeiten, um unsere Service zu verbessern, um.<br \/>\nImmer ein gutes Gesch\u00e4ft ist unvermeidlich.<\/p>\n","protected":false},"excerpt":{"rendered":"<p>Ein Best Car-Fahrt Lda startete einen qualitativ hochwertigen Service ein Unternehmen in Juni 2016 mit einer Flotte von 22 neuen Fahrzeugen zur Verf\u00fcgung zu stellen. Wir sind weiterhin verpflichtet zu \u00fcberwinden als die Erwartungen unserer Kunden zu arbeiten, um unsere Service zu verbessern, um. Immer ein gutes Gesch\u00e4ft ist unvermeidlich.<\/p>\n","protected":false},"author":1,"featured_media":0,"parent":0,"menu_order":0,"comment_status":"closed","ping_status":"closed","template":"","meta":[],"_links":{"self":[{"href":"https:\/\/bestride.pt\/de\/wp-json\/wp\/v2\/pages\/730"}],"collection":[{"href":"https:\/\/bestride.pt\/de\/wp-json\/wp\/v2\/pages"}],"about":[{"href":"https:\/\/bestride.pt\/de\/wp-json\/wp\/v2\/types\/page"}],"author":[{"embeddable":true,"href":"https:\/\/bestride.pt\/de\/wp-json\/wp\/v2\/users\/1"}],"replies":[{"embeddable":true,"href":"https:\/\/bestride.pt\/de\/wp-json\/wp\/v2\/comments?post=730"}],"version-history":[{"count":2,"href":"https:\/\/bestride.pt\/de\/wp-json\/wp\/v2\/pages\/730\/revisions"}],"predecessor-version":[{"id":824,"href":"https:\/\/bestride.pt\/de\/wp-json\/wp\/v2\/pages\/730\/revisions\/824"}],"wp:attachment":[{"href":"https:\/\/bestride.pt\/de\/wp-json\/wp\/v2\/media?parent=730"}],"curies":[{"name":"wp","href":"https:\/\/api.w.org\/{rel}","templated":true}]}}