{"id":515,"date":"2015-09-24T09:22:16","date_gmt":"2015-09-24T09:22:16","guid":{"rendered":"http:\/\/bestride.pt\/de\/vale-do-navio\/"},"modified":"2015-09-24T09:23:41","modified_gmt":"2015-09-24T09:23:41","slug":"vale-do-navio","status":"publish","type":"page","link":"https:\/\/bestride.pt\/de\/vale-do-navio\/","title":{"rendered":"Vale do Navio"},"content":{"rendered":"<p><b>Vale do Navio<\/b><\/p>\n<p>Die 4-Sterne-Unterkunft Hotel Vale Do Navio liegt in der N\u00e4he der K\u00fcste des Atlantiks in Capelas, S\u00e3o Miguel. Freuen Sie sich auf kostenloses WLAN, ein luxuri\u00f6ses Spa &#038; Wellnesscenter sowie Innen- und Au\u00dfenpools.<\/p>\n<p>Die schicken, modernen Unterk\u00fcnfte sind mit M\u00f6beln und Betten in leuchtenden Farben ausgestattet. Jede Unterkunft verf\u00fcgt \u00fcber einen Flachbild-TV, Holzb\u00f6den und einen Sitzbereich.<\/p>\n<p>Das Vale Do Navio bietet ein gut ausgestattetes Fitnesscenter und die Mitarbeiter an der 24-Stunden-Rezeption helfen Ihnen bei der Organisation von Tauch-, Wander- und Schnorchelausfl\u00fcgen. Besuchen Sie auch das Spielezimmer oder entspannen Sie bei einer Massage.<\/p>\n<p>Das moderne Restaurant im Vale Do Navio erwartet Sie mit raumhohen Fenster und einem malerischen Blick auf den Atlantik. Dort wird Ihnen zum Mittag- und Abendessen regionale K\u00fcche serviert. Die Bar l\u00e4dt zum Verweilen bei einem Getr\u00e4nk ein.<\/p>\n<p>Im Hotel Vale Do Navio wohnen Sie nur 800 m von der K\u00fcste und eine 5-min\u00fctige Fahrt vom Zentrum von Capelas entfernt. Die Parkpl\u00e4tze an der Unterkunft nutzen Sie kostenfrei.<\/p>\n","protected":false},"excerpt":{"rendered":"<p>Vale do Navio Die 4-Sterne-Unterkunft Hotel Vale Do Navio liegt in der N\u00e4he der K\u00fcste des Atlantiks in Capelas, S\u00e3o Miguel. Freuen Sie sich auf kostenloses WLAN, ein luxuri\u00f6ses Spa &#038; Wellnesscenter sowie Innen- und Au\u00dfenpools. Die schicken, modernen Unterk\u00fcnfte sind mit M\u00f6beln und Betten in leuchtenden Farben ausgestattet. Jede Unterkunft verf\u00fcgt \u00fcber einen Flachbild-TV, [&hellip;]<\/p>\n","protected":false},"author":1,"featured_media":0,"parent":0,"menu_order":0,"comment_status":"closed","ping_status":"closed","template":"","meta":[],"_links":{"self":[{"href":"https:\/\/bestride.pt\/de\/wp-json\/wp\/v2\/pages\/515"}],"collection":[{"href":"https:\/\/bestride.pt\/de\/wp-json\/wp\/v2\/pages"}],"about":[{"href":"https:\/\/bestride.pt\/de\/wp-json\/wp\/v2\/types\/page"}],"author":[{"embeddable":true,"href":"https:\/\/bestride.pt\/de\/wp-json\/wp\/v2\/users\/1"}],"replies":[{"embeddable":true,"href":"https:\/\/bestride.pt\/de\/wp-json\/wp\/v2\/comments?post=515"}],"version-history":[{"count":1,"href":"https:\/\/bestride.pt\/de\/wp-json\/wp\/v2\/pages\/515\/revisions"}],"predecessor-version":[{"id":517,"href":"https:\/\/bestride.pt\/de\/wp-json\/wp\/v2\/pages\/515\/revisions\/517"}],"wp:attachment":[{"href":"https:\/\/bestride.pt\/de\/wp-json\/wp\/v2\/media?parent=515"}],"curies":[{"name":"wp","href":"https:\/\/api.w.org\/{rel}","templated":true}]}}